{"id":221,"date":"2024-07-26T10:21:47","date_gmt":"2024-07-26T10:21:47","guid":{"rendered":"https:\/\/themes.webswaala.com\/CMS\/WW64\/?post_type=product&#038;p=221"},"modified":"2025-03-31T12:26:23","modified_gmt":"2025-03-31T12:26:23","slug":"women-swimwear-bikini","status":"publish","type":"product","link":"https:\/\/themes.webswaala.com\/CMS\/WW64\/product\/women-swimwear-bikini\/","title":{"rendered":"Women Swimwear Bikini"},"content":{"rendered":"<p>Bikini Set von AvaMia ein Must-Have f\u00fcr diesen Sommer. Die vorgeformten Cups sind mit einer leichten Polsterung versehen und mit einem B\u00fcgel ausgestattet. Bikinitop: hinten mit Klickverschluss, Neckholderband, mit B\u00fcgel, Hinweis: Farbe kann mit der Zeit durch Sonneneinstrahlung ausbleichen.<\/p>\n","protected":false},"excerpt":{"rendered":"<p>Die Bikinhose hat eine bequeme Passform und einen welligen Abschluss. Innenfarbe bei diesem Set ist Schwarz.<\/p>\n","protected":false},"featured_media":211,"comment_status":"open","ping_status":"closed","template":"","meta":{"_kad_post_transparent":"default","_kad_post_title":"","_kad_post_layout":"default","_kad_post_sidebar_id":"","_kad_post_content_style":"default","_kad_post_vertical_padding":"default","_kad_post_feature":"","_kad_post_feature_position":"","_kad_post_header":false,"_kad_post_footer":false},"product_brand":[],"product_cat":[15],"product_tag":[],"class_list":{"0":"post-221","1":"product","2":"type-product","3":"status-publish","4":"has-post-thumbnail","6":"product_cat-uncategorized","8":"first","9":"instock","10":"shipping-taxable","11":"purchasable","12":"product-type-simple","13":"add-to-wishlist-before_image","14":"entry","15":"content-bg","16":"loop-entry"},"_links":{"self":[{"href":"https:\/\/themes.webswaala.com\/CMS\/WW64\/wp-json\/wp\/v2\/product\/221","targetHints":{"allow":["GET"]}}],"collection":[{"href":"https:\/\/themes.webswaala.com\/CMS\/WW64\/wp-json\/wp\/v2\/product"}],"about":[{"href":"https:\/\/themes.webswaala.com\/CMS\/WW64\/wp-json\/wp\/v2\/types\/product"}],"replies":[{"embeddable":true,"href":"https:\/\/themes.webswaala.com\/CMS\/WW64\/wp-json\/wp\/v2\/comments?post=221"}],"wp:featuredmedia":[{"embeddable":true,"href":"https:\/\/themes.webswaala.com\/CMS\/WW64\/wp-json\/wp\/v2\/media\/211"}],"wp:attachment":[{"href":"https:\/\/themes.webswaala.com\/CMS\/WW64\/wp-json\/wp\/v2\/media?parent=221"}],"wp:term":[{"taxonomy":"product_brand","embeddable":true,"href":"https:\/\/themes.webswaala.com\/CMS\/WW64\/wp-json\/wp\/v2\/product_brand?post=221"},{"taxonomy":"product_cat","embeddable":true,"href":"https:\/\/themes.webswaala.com\/CMS\/WW64\/wp-json\/wp\/v2\/product_cat?post=221"},{"taxonomy":"product_tag","embeddable":true,"href":"https:\/\/themes.webswaala.com\/CMS\/WW64\/wp-json\/wp\/v2\/product_tag?post=221"}],"curies":[{"name":"wp","href":"https:\/\/api.w.org\/{rel}","templated":true}]}}