{"id":224,"date":"2024-07-26T10:28:55","date_gmt":"2024-07-26T10:28:55","guid":{"rendered":"https:\/\/themes.webswaala.com\/CMS\/WW64\/?post_type=product&#038;p=224"},"modified":"2025-03-31T12:26:30","modified_gmt":"2025-03-31T12:26:30","slug":"lace-eyelash-sheer","status":"publish","type":"product","link":"https:\/\/themes.webswaala.com\/CMS\/WW64\/product\/lace-eyelash-sheer\/","title":{"rendered":"Lace Eyelash Sheer"},"content":{"rendered":"<p>Adjustable hook fastenings at back 98% polyester, 2% elastane; embroidery: 99% polyester, 1% metal fibres; lining: 100% polyester Hand wash Size &amp; Fit Coordinating items available; Model is 5&#8217;9&#8217;\/ 175cm, bra size 34B, and wears a size 34B<\/p>\n","protected":false},"excerpt":{"rendered":"<p>Info &amp; Care Simone P\u00e9r\u00e8le tulle half-cup bra Adjustable shoulder straps, underwired cups, bow appliqu\u00e9, floral embroidery, metallic weave, scalloped guipure lace trims;<\/p>\n","protected":false},"featured_media":213,"comment_status":"open","ping_status":"closed","template":"","meta":{"_kad_post_transparent":"default","_kad_post_title":"","_kad_post_layout":"default","_kad_post_sidebar_id":"","_kad_post_content_style":"default","_kad_post_vertical_padding":"default","_kad_post_feature":"","_kad_post_feature_position":"","_kad_post_header":false,"_kad_post_footer":false},"product_brand":[],"product_cat":[15],"product_tag":[],"class_list":{"0":"post-224","1":"product","2":"type-product","3":"status-publish","4":"has-post-thumbnail","6":"product_cat-uncategorized","8":"first","9":"instock","10":"sale","11":"shipping-taxable","12":"purchasable","13":"product-type-simple","14":"add-to-wishlist-before_image","15":"entry","16":"content-bg","17":"loop-entry"},"_links":{"self":[{"href":"https:\/\/themes.webswaala.com\/CMS\/WW64\/wp-json\/wp\/v2\/product\/224","targetHints":{"allow":["GET"]}}],"collection":[{"href":"https:\/\/themes.webswaala.com\/CMS\/WW64\/wp-json\/wp\/v2\/product"}],"about":[{"href":"https:\/\/themes.webswaala.com\/CMS\/WW64\/wp-json\/wp\/v2\/types\/product"}],"replies":[{"embeddable":true,"href":"https:\/\/themes.webswaala.com\/CMS\/WW64\/wp-json\/wp\/v2\/comments?post=224"}],"wp:featuredmedia":[{"embeddable":true,"href":"https:\/\/themes.webswaala.com\/CMS\/WW64\/wp-json\/wp\/v2\/media\/213"}],"wp:attachment":[{"href":"https:\/\/themes.webswaala.com\/CMS\/WW64\/wp-json\/wp\/v2\/media?parent=224"}],"wp:term":[{"taxonomy":"product_brand","embeddable":true,"href":"https:\/\/themes.webswaala.com\/CMS\/WW64\/wp-json\/wp\/v2\/product_brand?post=224"},{"taxonomy":"product_cat","embeddable":true,"href":"https:\/\/themes.webswaala.com\/CMS\/WW64\/wp-json\/wp\/v2\/product_cat?post=224"},{"taxonomy":"product_tag","embeddable":true,"href":"https:\/\/themes.webswaala.com\/CMS\/WW64\/wp-json\/wp\/v2\/product_tag?post=224"}],"curies":[{"name":"wp","href":"https:\/\/api.w.org\/{rel}","templated":true}]}}